{"id":3686,"date":"2025-03-02T06:01:24","date_gmt":"2025-03-02T06:01:24","guid":{"rendered":"https:\/\/www.smarst.com\/?post_type=product&#038;p=3686"},"modified":"2025-03-02T15:30:16","modified_gmt":"2025-03-02T15:30:16","slug":"%e0%b8%97%e0%b8%b5%e0%b9%88%e0%b8%a7%e0%b8%b2%e0%b8%87%e0%b9%81%e0%b8%97%e0%b9%87%e0%b8%9a%e0%b9%80%e0%b8%a5%e0%b9%87%e0%b8%95%e0%b8%95%e0%b8%b1%e0%b9%89%e0%b8%87%e0%b9%82%e0%b8%95%e0%b9%8a%e0%b8%b0","status":"publish","type":"product","link":"https:\/\/www.smarst.com\/th\/product\/%e0%b8%97%e0%b8%b5%e0%b9%88%e0%b8%a7%e0%b8%b2%e0%b8%87%e0%b9%81%e0%b8%97%e0%b9%87%e0%b8%9a%e0%b9%80%e0%b8%a5%e0%b9%87%e0%b8%95%e0%b8%95%e0%b8%b1%e0%b9%89%e0%b8%87%e0%b9%82%e0%b8%95%e0%b9%8a%e0%b8%b0\/","title":{"rendered":"\u0e17\u0e35\u0e48\u0e27\u0e32\u0e07\u0e41\u0e17\u0e47\u0e1a\u0e40\u0e25\u0e47\u0e15\u0e15\u0e31\u0e49\u0e07\u0e42\u0e15\u0e4a\u0e30 \u0e23\u0e38\u0e48\u0e19 X-PRO"},"content":{"rendered":"<h3 data-start=\"0\" data-end=\"39\">\u0e17\u0e35\u0e48\u0e27\u0e32\u0e07\u0e41\u0e17\u0e47\u0e1a\u0e40\u0e25\u0e47\u0e15\u0e15\u0e31\u0e49\u0e07\u0e42\u0e15\u0e4a\u0e30 \u0e23\u0e38\u0e48\u0e19 X-PRO<\/h3>\n<p data-start=\"41\" data-end=\"308\" data-spm-anchor-id=\"a21bo.29368746.0.i0.337e3fdfjM5cwf\">\u0e17\u0e35\u0e48\u0e27\u0e32\u0e07\u0e41\u0e17\u0e47\u0e1a\u0e40\u0e25\u0e47\u0e15\u0e15\u0e31\u0e49\u0e07\u0e42\u0e15\u0e4a\u0e30 \u0e23\u0e38\u0e48\u0e19 X-PRO \u0e40\u0e1b\u0e47\u0e19\u0e2d\u0e38\u0e1b\u0e01\u0e23\u0e13\u0e4c\u0e40\u0e2a\u0e23\u0e34\u0e21\u0e17\u0e35\u0e48\u0e0a\u0e48\u0e27\u0e22\u0e43\u0e2b\u0e49\u0e01\u0e32\u0e23\u0e43\u0e0a\u0e49\u0e07\u0e32\u0e19\u0e41\u0e17\u0e47\u0e1a\u0e40\u0e25\u0e47\u0e15\u0e21\u0e35\u0e04\u0e27\u0e32\u0e21\u0e2a\u0e30\u0e14\u0e27\u0e01\u0e2a\u0e1a\u0e32\u0e22\u0e41\u0e25\u0e30\u0e1b\u0e25\u0e2d\u0e14\u0e20\u0e31\u0e22\u0e21\u0e32\u0e01\u0e02\u0e36\u0e49\u0e19 \u0e44\u0e21\u0e48\u0e27\u0e48\u0e32\u0e08\u0e30\u0e43\u0e0a\u0e49\u0e43\u0e19\u0e23\u0e49\u0e32\u0e19\u0e04\u0e49\u0e32 \u0e23\u0e49\u0e32\u0e19\u0e2d\u0e32\u0e2b\u0e32\u0e23 \u0e42\u0e23\u0e07\u0e1e\u0e22\u0e32\u0e1a\u0e32\u0e25 \u0e2b\u0e23\u0e37\u0e2d\u0e2a\u0e33\u0e19\u0e31\u0e01\u0e07\u0e32\u0e19 \u0e01\u0e47\u0e2a\u0e32\u0e21\u0e32\u0e23\u0e16\u0e15\u0e34\u0e14\u0e15\u0e31\u0e49\u0e07\u0e44\u0e14\u0e49\u0e2d\u0e22\u0e48\u0e32\u0e07\u0e21\u0e31\u0e48\u0e19\u0e04\u0e07 \u0e14\u0e49\u0e27\u0e22\u0e14\u0e35\u0e44\u0e0b\u0e19\u0e4c\u0e17\u0e35\u0e48\u0e41\u0e02\u0e47\u0e07\u0e41\u0e23\u0e07\u0e41\u0e25\u0e30\u0e1f\u0e31\u0e07\u0e01\u0e4c\u0e0a\u0e31\u0e19\u0e01\u0e32\u0e23\u0e43\u0e0a\u0e49\u0e07\u0e32\u0e19\u0e17\u0e35\u0e48\u0e15\u0e2d\u0e1a\u0e42\u0e08\u0e17\u0e22\u0e4c\u0e04\u0e27\u0e32\u0e21\u0e15\u0e49\u0e2d\u0e07\u0e01\u0e32\u0e23\u0e02\u0e2d\u0e07\u0e1c\u0e39\u0e49\u0e43\u0e0a\u0e49<\/p>\n<p data-start=\"63\" data-end=\"259\">\ud83d\udccc <strong data-start=\"66\" data-end=\"99\">\u0e1b\u0e23\u0e31\u0e1a\u0e21\u0e38\u0e21\u0e44\u0e14\u0e49 \u0e08\u0e31\u0e1a\u0e41\u0e19\u0e48\u0e19 \u0e44\u0e21\u0e48\u0e21\u0e35\u0e2b\u0e25\u0e38\u0e14!<\/strong><br data-start=\"99\" data-end=\"102\" \/>\u2705 \u0e27\u0e31\u0e2a\u0e14\u0e38\u0e41\u0e02\u0e47\u0e07\u0e41\u0e23\u0e07 \u0e23\u0e2d\u0e07\u0e23\u0e31\u0e1a\u0e41\u0e17\u0e47\u0e1a\u0e40\u0e25\u0e47\u0e15\u0e2b\u0e25\u0e32\u0e01\u0e2b\u0e25\u0e32\u0e22\u0e02\u0e19\u0e32\u0e14<br data-start=\"143\" data-end=\"146\" \/>\u2705 \u0e10\u0e32\u0e19\u0e21\u0e31\u0e48\u0e19\u0e04\u0e07 \u0e44\u0e21\u0e48\u0e42\u0e22\u0e01\u0e40\u0e22\u0e01 \u0e43\u0e0a\u0e49\u0e07\u0e32\u0e19\u0e2a\u0e30\u0e14\u0e27\u0e01<br data-start=\"179\" data-end=\"182\" \/>\u2705 \u0e02\u0e19\u0e32\u0e14\u0e01\u0e30\u0e17\u0e31\u0e14\u0e23\u0e31\u0e14 \u0e19\u0e49\u0e33\u0e2b\u0e19\u0e31\u0e01\u0e40\u0e1a\u0e32 \u0e41\u0e04\u0e48 <strong data-start=\"212\" data-end=\"224\">616 \u0e01\u0e23\u0e31\u0e21<\/strong><br data-start=\"224\" data-end=\"227\" \/>\u2705 <strong data-start=\"229\" data-end=\"245\">2 \u0e2a\u0e35\u0e43\u0e2b\u0e49\u0e40\u0e25\u0e37\u0e2d\u0e01<\/strong> : \u0e14\u0e33 \/ \u0e40\u0e07\u0e34\u0e19<\/p>\n<p data-start=\"261\" data-end=\"350\" data-spm-anchor-id=\"a21bo.29368746.0.i1.337e3fdfADEc15\">\ud83d\udccf \u0e02\u0e19\u0e32\u0e14: <strong data-start=\"270\" data-end=\"289\">186\u00d7120\u00d798\u00d780mm<\/strong><\/p>\n<h4 data-start=\"310\" data-end=\"343\"><strong data-start=\"315\" data-end=\"341\">\u0e04\u0e38\u0e13\u0e2a\u0e21\u0e1a\u0e31\u0e15\u0e34\u0e40\u0e14\u0e48\u0e19\u0e02\u0e2d\u0e07 X-PRO<\/strong><\/h4>\n<ol data-start=\"345\" data-end=\"1564\">\n<li data-start=\"345\" data-end=\"544\">\n<p data-start=\"348\" data-end=\"544\"><strong data-start=\"348\" data-end=\"371\">\u0e14\u0e35\u0e44\u0e0b\u0e19\u0e4c\u0e41\u0e02\u0e47\u0e07\u0e41\u0e23\u0e07 \u0e17\u0e19\u0e17\u0e32\u0e19<\/strong><br data-start=\"371\" data-end=\"374\" \/>\u0e17\u0e35\u0e48\u0e27\u0e32\u0e07\u0e41\u0e17\u0e47\u0e1a\u0e40\u0e25\u0e47\u0e15\u0e23\u0e38\u0e48\u0e19 X-PRO \u0e1c\u0e25\u0e34\u0e15\u0e08\u0e32\u0e01\u0e27\u0e31\u0e2a\u0e14\u0e38\u0e42\u0e25\u0e2b\u0e30\u0e04\u0e38\u0e13\u0e20\u0e32\u0e1e\u0e2a\u0e39\u0e07 \u0e0a\u0e48\u0e27\u0e22\u0e40\u0e1e\u0e34\u0e48\u0e21\u0e04\u0e27\u0e32\u0e21\u0e41\u0e02\u0e47\u0e07\u0e41\u0e23\u0e07 \u0e17\u0e19\u0e17\u0e32\u0e19\u0e15\u0e48\u0e2d\u0e41\u0e23\u0e07\u0e01\u0e14\u0e41\u0e25\u0e30\u0e01\u0e32\u0e23\u0e43\u0e0a\u0e49\u0e07\u0e32\u0e19\u0e2b\u0e19\u0e31\u0e01 \u0e2a\u0e32\u0e21\u0e32\u0e23\u0e16\u0e23\u0e2d\u0e07\u0e23\u0e31\u0e1a\u0e41\u0e17\u0e47\u0e1a\u0e40\u0e25\u0e47\u0e15\u0e44\u0e14\u0e49\u0e2b\u0e25\u0e32\u0e22\u0e02\u0e19\u0e32\u0e14\u0e42\u0e14\u0e22\u0e44\u0e21\u0e48\u0e15\u0e49\u0e2d\u0e07\u0e01\u0e31\u0e07\u0e27\u0e25\u0e40\u0e23\u0e37\u0e48\u0e2d\u0e07\u0e04\u0e27\u0e32\u0e21\u0e1b\u0e25\u0e2d\u0e14\u0e20\u0e31\u0e22<\/p>\n<\/li>\n<li data-start=\"546\" data-end=\"762\">\n<p data-start=\"549\" data-end=\"762\"><strong data-start=\"549\" data-end=\"583\">\u0e23\u0e30\u0e1a\u0e1a\u0e25\u0e47\u0e2d\u0e01\u0e41\u0e19\u0e48\u0e19\u0e2b\u0e19\u0e32 \u0e1b\u0e49\u0e2d\u0e07\u0e01\u0e31\u0e19\u0e01\u0e32\u0e23\u0e02\u0e42\u0e21\u0e22<\/strong><br data-start=\"583\" data-end=\"586\" \/>\u0e21\u0e32\u0e1e\u0e23\u0e49\u0e2d\u0e21\u0e01\u0e31\u0e1a\u0e15\u0e31\u0e27\u0e08\u0e31\u0e1a\u0e41\u0e17\u0e47\u0e1a\u0e40\u0e25\u0e47\u0e15\u0e17\u0e35\u0e48\u0e1b\u0e23\u0e31\u0e1a\u0e02\u0e22\u0e32\u0e22\u0e44\u0e14\u0e49 \u0e23\u0e2d\u0e07\u0e23\u0e31\u0e1a\u0e02\u0e19\u0e32\u0e14\u0e41\u0e17\u0e47\u0e1a\u0e40\u0e25\u0e47\u0e15\u0e15\u0e31\u0e49\u0e07\u0e41\u0e15\u0e48 7 \u0e19\u0e34\u0e49\u0e27\u0e08\u0e19\u0e16\u0e36\u0e07 13 \u0e19\u0e34\u0e49\u0e27 \u0e41\u0e25\u0e30\u0e21\u0e35\u0e23\u0e30\u0e1a\u0e1a\u0e25\u0e47\u0e2d\u0e01\u0e17\u0e35\u0e48\u0e41\u0e19\u0e48\u0e19\u0e2b\u0e19\u0e32 \u0e1b\u0e49\u0e2d\u0e07\u0e01\u0e31\u0e19\u0e01\u0e32\u0e23\u0e02\u0e42\u0e21\u0e22 \u0e40\u0e2b\u0e21\u0e32\u0e30\u0e2a\u0e33\u0e2b\u0e23\u0e31\u0e1a\u0e01\u0e32\u0e23\u0e43\u0e0a\u0e49\u0e07\u0e32\u0e19\u0e43\u0e19\u0e23\u0e49\u0e32\u0e19\u0e04\u0e49\u0e32\u0e2b\u0e23\u0e37\u0e2d\u0e2a\u0e16\u0e32\u0e19\u0e17\u0e35\u0e48\u0e2a\u0e32\u0e18\u0e32\u0e23\u0e13\u0e30<\/p>\n<\/li>\n<li data-start=\"764\" data-end=\"919\">\n<p data-start=\"767\" data-end=\"919\"><strong data-start=\"767\" data-end=\"789\">\u0e1b\u0e23\u0e31\u0e1a\u0e21\u0e38\u0e21\u0e21\u0e2d\u0e07\u0e44\u0e14\u0e49\u0e2d\u0e34\u0e2a\u0e23\u0e30<\/strong><br data-start=\"789\" data-end=\"792\" \/>\u0e02\u0e32\u0e15\u0e31\u0e49\u0e07\u0e2a\u0e32\u0e21\u0e32\u0e23\u0e16\u0e2b\u0e21\u0e38\u0e19\u0e41\u0e25\u0e30\u0e1b\u0e23\u0e31\u0e1a\u0e21\u0e38\u0e21\u0e21\u0e2d\u0e07\u0e02\u0e2d\u0e07\u0e41\u0e17\u0e47\u0e1a\u0e40\u0e25\u0e47\u0e15\u0e44\u0e14\u0e49\u0e15\u0e32\u0e21\u0e15\u0e49\u0e2d\u0e07\u0e01\u0e32\u0e23 \u0e44\u0e21\u0e48\u0e27\u0e48\u0e32\u0e08\u0e30\u0e43\u0e0a\u0e49\u0e07\u0e32\u0e19\u0e41\u0e19\u0e27\u0e15\u0e31\u0e49\u0e07\u0e2b\u0e23\u0e37\u0e2d\u0e41\u0e19\u0e27\u0e19\u0e2d\u0e19\u0e01\u0e47\u0e2a\u0e32\u0e21\u0e32\u0e23\u0e16\u0e1b\u0e23\u0e31\u0e1a\u0e43\u0e2b\u0e49\u0e40\u0e2b\u0e21\u0e32\u0e30\u0e2a\u0e21\u0e01\u0e31\u0e1a\u0e01\u0e32\u0e23\u0e43\u0e0a\u0e49\u0e07\u0e32\u0e19\u0e44\u0e14\u0e49<\/p>\n<\/li>\n<li data-start=\"921\" data-end=\"1071\">\n<p data-start=\"924\" data-end=\"1071\"><strong data-start=\"924\" data-end=\"951\">\u0e15\u0e34\u0e14\u0e15\u0e31\u0e49\u0e07\u0e07\u0e48\u0e32\u0e22 \u0e43\u0e0a\u0e49\u0e07\u0e32\u0e19\u0e2a\u0e30\u0e14\u0e27\u0e01<\/strong><br data-start=\"951\" data-end=\"954\" \/>\u0e10\u0e32\u0e19\u0e15\u0e31\u0e49\u0e07\u0e21\u0e32\u0e1e\u0e23\u0e49\u0e2d\u0e21\u0e01\u0e31\u0e1a\u0e41\u0e1c\u0e48\u0e19\u0e23\u0e2d\u0e07\u0e17\u0e35\u0e48\u0e2a\u0e32\u0e21\u0e32\u0e23\u0e16\u0e22\u0e36\u0e14\u0e15\u0e34\u0e14\u0e01\u0e31\u0e1a\u0e42\u0e15\u0e4a\u0e30\u0e44\u0e14\u0e49\u0e2d\u0e22\u0e48\u0e32\u0e07\u0e21\u0e31\u0e48\u0e19\u0e04\u0e07 \u0e17\u0e33\u0e43\u0e2b\u0e49\u0e01\u0e32\u0e23\u0e43\u0e0a\u0e49\u0e07\u0e32\u0e19\u0e1b\u0e25\u0e2d\u0e14\u0e20\u0e31\u0e22\u0e41\u0e25\u0e30\u0e44\u0e21\u0e48\u0e15\u0e49\u0e2d\u0e07\u0e01\u0e25\u0e31\u0e27\u0e27\u0e48\u0e32\u0e41\u0e17\u0e47\u0e1a\u0e40\u0e25\u0e47\u0e15\u0e08\u0e30\u0e25\u0e49\u0e21<\/p>\n<\/li>\n<li data-start=\"1073\" data-end=\"1389\">\n<p data-start=\"1076\" data-end=\"1112\"><strong data-start=\"1076\" data-end=\"1110\">\u0e23\u0e2d\u0e07\u0e23\u0e31\u0e1a\u0e01\u0e32\u0e23\u0e43\u0e0a\u0e49\u0e07\u0e32\u0e19\u0e2b\u0e25\u0e32\u0e01\u0e2b\u0e25\u0e32\u0e22\u0e2a\u0e16\u0e32\u0e19\u0e17\u0e35\u0e48<\/strong><\/p>\n<ul data-start=\"1116\" data-end=\"1389\">\n<li data-start=\"1116\" data-end=\"1188\">\u0e23\u0e49\u0e32\u0e19\u0e04\u0e49\u0e32 \u0e41\u0e25\u0e30 \u0e23\u0e49\u0e32\u0e19\u0e2d\u0e32\u0e2b\u0e32\u0e23: \u0e43\u0e0a\u0e49\u0e40\u0e1b\u0e47\u0e19\u0e08\u0e38\u0e14\u0e2a\u0e31\u0e48\u0e07\u0e2d\u0e32\u0e2b\u0e32\u0e23 \u0e2b\u0e23\u0e37\u0e2d\u0e2b\u0e19\u0e49\u0e32\u0e08\u0e2d\u0e41\u0e2a\u0e14\u0e07\u0e40\u0e21\u0e19\u0e39\u0e14\u0e34\u0e08\u0e34\u0e17\u0e31\u0e25<\/li>\n<li data-start=\"1192\" data-end=\"1270\">\u0e42\u0e23\u0e07\u0e1e\u0e22\u0e32\u0e1a\u0e32\u0e25: \u0e43\u0e0a\u0e49\u0e2a\u0e33\u0e2b\u0e23\u0e31\u0e1a\u0e15\u0e34\u0e14\u0e15\u0e31\u0e49\u0e07\u0e43\u0e19\u0e40\u0e04\u0e32\u0e19\u0e4c\u0e40\u0e15\u0e2d\u0e23\u0e4c\u0e40\u0e1e\u0e37\u0e48\u0e2d\u0e25\u0e07\u0e17\u0e30\u0e40\u0e1a\u0e35\u0e22\u0e19\u0e2b\u0e23\u0e37\u0e2d\u0e41\u0e2a\u0e14\u0e07\u0e02\u0e49\u0e2d\u0e21\u0e39\u0e25\u0e1c\u0e39\u0e49\u0e1b\u0e48\u0e27\u0e22<\/li>\n<li data-start=\"1274\" data-end=\"1318\">\u0e2a\u0e33\u0e19\u0e31\u0e01\u0e07\u0e32\u0e19: \u0e43\u0e0a\u0e49\u0e2a\u0e33\u0e2b\u0e23\u0e31\u0e1a\u0e1b\u0e23\u0e30\u0e0a\u0e38\u0e21\u0e41\u0e25\u0e30\u0e19\u0e33\u0e40\u0e2a\u0e19\u0e2d\u0e02\u0e49\u0e2d\u0e21\u0e39\u0e25<\/li>\n<li data-start=\"1322\" data-end=\"1389\">\u0e07\u0e32\u0e19\u0e41\u0e2a\u0e14\u0e07\u0e2a\u0e34\u0e19\u0e04\u0e49\u0e32: \u0e43\u0e0a\u0e49\u0e40\u0e1b\u0e47\u0e19\u0e41\u0e17\u0e48\u0e19\u0e2a\u0e33\u0e2b\u0e23\u0e31\u0e1a\u0e43\u0e2b\u0e49\u0e25\u0e39\u0e01\u0e04\u0e49\u0e32\u0e17\u0e14\u0e25\u0e2d\u0e07\u0e43\u0e0a\u0e49\u0e07\u0e32\u0e19\u0e41\u0e2d\u0e1b\u0e1e\u0e25\u0e34\u0e40\u0e04\u0e0a\u0e31\u0e19<\/li>\n<\/ul>\n<\/li>\n<li data-start=\"1391\" data-end=\"1564\">\n<p data-start=\"1394\" data-end=\"1564\"><strong data-start=\"1394\" data-end=\"1409\">\u0e23\u0e32\u0e04\u0e32\u0e04\u0e38\u0e49\u0e21\u0e04\u0e48\u0e32<\/strong><br data-start=\"1409\" data-end=\"1412\" \/>\u0e14\u0e49\u0e27\u0e22\u0e23\u0e32\u0e04\u0e32\u0e17\u0e35\u0e48\u0e40\u0e02\u0e49\u0e32\u0e16\u0e36\u0e07\u0e44\u0e14\u0e49\u0e40\u0e1e\u0e35\u0e22\u0e07 <strong data-start=\"1442\" data-end=\"1455\">1,450 \u0e1a\u0e32\u0e17<\/strong> \u0e17\u0e35\u0e48\u0e27\u0e32\u0e07\u0e41\u0e17\u0e47\u0e1a\u0e40\u0e25\u0e47\u0e15 X-PRO \u0e40\u0e1b\u0e47\u0e19\u0e15\u0e31\u0e27\u0e40\u0e25\u0e37\u0e2d\u0e01\u0e17\u0e35\u0e48\u0e22\u0e2d\u0e14\u0e40\u0e22\u0e35\u0e48\u0e22\u0e21\u0e2a\u0e33\u0e2b\u0e23\u0e31\u0e1a\u0e1c\u0e39\u0e49\u0e17\u0e35\u0e48\u0e15\u0e49\u0e2d\u0e07\u0e01\u0e32\u0e23\u0e02\u0e32\u0e15\u0e31\u0e49\u0e07\u0e41\u0e17\u0e47\u0e1a\u0e40\u0e25\u0e47\u0e15\u0e04\u0e38\u0e13\u0e20\u0e32\u0e1e\u0e2a\u0e39\u0e07\u0e43\u0e19\u0e23\u0e32\u0e04\u0e32\u0e17\u0e35\u0e48\u0e2a\u0e21\u0e40\u0e2b\u0e15\u0e38\u0e2a\u0e21\u0e1c\u0e25<\/p>\n<\/li>\n<\/ol>\n<h4 data-start=\"1566\" data-end=\"1587\"><strong data-start=\"1571\" data-end=\"1585\">\u0e2a\u0e40\u0e1b\u0e01\u0e2a\u0e34\u0e19\u0e04\u0e49\u0e32<\/strong><\/h4>\n<ul data-start=\"1588\" data-end=\"1775\">\n<li data-start=\"1588\" data-end=\"1620\"><strong data-start=\"1590\" data-end=\"1599\">\u0e27\u0e31\u0e2a\u0e14\u0e38<\/strong>: \u0e42\u0e25\u0e2b\u0e30\u0e1c\u0e2a\u0e21\u0e2d\u0e25\u0e39\u0e21\u0e34\u0e40\u0e19\u0e35\u0e22\u0e21<\/li>\n<li data-start=\"1621\" data-end=\"1661\"><strong data-start=\"1623\" data-end=\"1648\">\u0e02\u0e19\u0e32\u0e14\u0e41\u0e17\u0e47\u0e1a\u0e40\u0e25\u0e47\u0e15\u0e17\u0e35\u0e48\u0e23\u0e2d\u0e07\u0e23\u0e31\u0e1a<\/strong>: 7-13 \u0e19\u0e34\u0e49\u0e27<\/li>\n<li data-start=\"1662\" data-end=\"1694\"><strong data-start=\"1664\" data-end=\"1676\">\u0e23\u0e30\u0e1a\u0e1a\u0e25\u0e47\u0e2d\u0e01<\/strong>: \u0e1b\u0e49\u0e2d\u0e07\u0e01\u0e31\u0e19\u0e01\u0e32\u0e23\u0e02\u0e42\u0e21\u0e22<\/li>\n<li data-start=\"1695\" data-end=\"1731\"><strong data-start=\"1697\" data-end=\"1708\">\u0e19\u0e49\u0e33\u0e2b\u0e19\u0e31\u0e01<\/strong>: \u0e1b\u0e23\u0e30\u0e21\u0e32\u0e13 1.5 \u0e01\u0e34\u0e42\u0e25\u0e01\u0e23\u0e31\u0e21<\/li>\n<li data-start=\"1732\" data-end=\"1751\"><strong data-start=\"1734\" data-end=\"1740\">\u0e2a\u0e35<\/strong>: \u0e40\u0e07\u0e34\u0e19\/\u0e14\u0e33<\/li>\n<\/ul>\n<h4 data-start=\"1777\" data-end=\"1792\"><strong data-start=\"1782\" data-end=\"1790\">\u0e2a\u0e23\u0e38\u0e1b<\/strong><\/h4>\n<p data-start=\"1793\" data-end=\"2098\" data-is-last-node=\"\" data-is-only-node=\"\" data-spm-anchor-id=\"a21bo.29368746.0.i2.337e3fdfjM5cwf\">\u0e17\u0e35\u0e48\u0e27\u0e32\u0e07\u0e41\u0e17\u0e47\u0e1a\u0e40\u0e25\u0e47\u0e15\u0e15\u0e31\u0e49\u0e07\u0e42\u0e15\u0e4a\u0e30 \u0e23\u0e38\u0e48\u0e19 X-PRO \u0e40\u0e1b\u0e47\u0e19\u0e2d\u0e38\u0e1b\u0e01\u0e23\u0e13\u0e4c\u0e40\u0e2a\u0e23\u0e34\u0e21\u0e17\u0e35\u0e48\u0e0a\u0e48\u0e27\u0e22\u0e40\u0e1e\u0e34\u0e48\u0e21\u0e04\u0e27\u0e32\u0e21\u0e2a\u0e30\u0e14\u0e27\u0e01\u0e2a\u0e1a\u0e32\u0e22\u0e41\u0e25\u0e30\u0e04\u0e27\u0e32\u0e21\u0e1b\u0e25\u0e2d\u0e14\u0e20\u0e31\u0e22\u0e43\u0e19\u0e01\u0e32\u0e23\u0e43\u0e0a\u0e49\u0e07\u0e32\u0e19\u0e41\u0e17\u0e47\u0e1a\u0e40\u0e25\u0e47\u0e15 \u0e40\u0e2b\u0e21\u0e32\u0e30\u0e2a\u0e33\u0e2b\u0e23\u0e31\u0e1a\u0e18\u0e38\u0e23\u0e01\u0e34\u0e08\u0e41\u0e25\u0e30\u0e2d\u0e07\u0e04\u0e4c\u0e01\u0e23\u0e17\u0e35\u0e48\u0e15\u0e49\u0e2d\u0e07\u0e01\u0e32\u0e23\u0e15\u0e34\u0e14\u0e15\u0e31\u0e49\u0e07\u0e41\u0e17\u0e47\u0e1a\u0e40\u0e25\u0e47\u0e15\u0e40\u0e1e\u0e37\u0e48\u0e2d\u0e01\u0e32\u0e23\u0e17\u0e33\u0e07\u0e32\u0e19\u0e2b\u0e23\u0e37\u0e2d\u0e43\u0e2b\u0e49\u0e1a\u0e23\u0e34\u0e01\u0e32\u0e23\u0e25\u0e39\u0e01\u0e04\u0e49\u0e32 \u0e14\u0e49\u0e27\u0e22\u0e14\u0e35\u0e44\u0e0b\u0e19\u0e4c\u0e17\u0e35\u0e48\u0e41\u0e02\u0e47\u0e07\u0e41\u0e23\u0e07 \u0e17\u0e19\u0e17\u0e32\u0e19 \u0e1b\u0e23\u0e31\u0e1a\u0e21\u0e38\u0e21\u0e21\u0e2d\u0e07\u0e44\u0e14\u0e49\u0e2d\u0e34\u0e2a\u0e23\u0e30 \u0e41\u0e25\u0e30\u0e21\u0e35\u0e23\u0e30\u0e1a\u0e1a\u0e25\u0e47\u0e2d\u0e01\u0e17\u0e35\u0e48\u0e1b\u0e25\u0e2d\u0e14\u0e20\u0e31\u0e22 \u0e17\u0e33\u0e43\u0e2b\u0e49\u0e40\u0e1b\u0e47\u0e19\u0e15\u0e31\u0e27\u0e40\u0e25\u0e37\u0e2d\u0e01\u0e17\u0e35\u0e48\u0e04\u0e38\u0e49\u0e21\u0e04\u0e48\u0e32\u0e43\u0e19\u0e23\u0e32\u0e04\u0e32\u0e17\u0e35\u0e48\u0e44\u0e21\u0e48\u0e41\u0e1e\u0e07<\/p>","protected":false},"excerpt":{"rendered":"<div class=\"wp-playlist wp-video-playlist wp-playlist-light\">\n\t\t<video controls=\"controls\" preload=\"none\" width=\"878\"\n\t\t height=\"494\"\t><\/video><\/p>\n<div class=\"wp-playlist-next\"><\/div>\n<div class=\"wp-playlist-prev\"><\/div>\n<p>\t<noscript><\/p>\n<ol>\n<li><span class=\"fresco\" data-fresco-group=\"\" href='https:\/\/www.smarst.com\/wp-content\/uploads\/2025\/03\/20240807_d57e81d22451914b_475621045559_151740792696315_published_mp4_264_hd_taobao.mp4'>Smarst Tablet Stand<\/a><\/li>\n<\/ol>\n<p>\t<\/noscript><br \/>\n\t<script type=\"application\/json\" class=\"wp-playlist-script\">{\"type\":\"video\",\"tracklist\":true,\"tracknumbers\":true,\"images\":true,\"artists\":true,\"tracks\":[{\"src\":\"https:\/\/www.smarst.com\/wp-content\/uploads\/2025\/03\/20240807_d57e81d22451914b_475621045559_151740792696315_published_mp4_264_hd_taobao.mp4\",\"type\":\"video\/mp4\",\"title\":\"Smarst Tablet Stand\",\"caption\":\"\\u0e02\\u0e32\\u0e15\\u0e31\\u0e49\\u0e07\\u0e41\\u0e17\\u0e47\\u0e1a\\u0e40\\u0e25\\u0e47\\u0e15 Smarst Pro\",\"description\":\"\",\"meta\":{\"length_formatted\":\"0:25\"},\"dimensions\":{\"original\":{\"width\":1280,\"height\":720},\"resized\":{\"width\":878,\"height\":494}},\"image\":{\"src\":\"https:\/\/www.smarst.com\/wp-includes\/images\/media\/video.svg\",\"width\":48,\"height\":64},\"thumb\":{\"src\":\"https:\/\/www.smarst.com\/wp-includes\/images\/media\/video.svg\",\"width\":48,\"height\":64}}]}<\/script>\n<\/div>\n<p><img fetchpriority=\"high\" decoding=\"async\" class=\"alignnone wp-image-3690 size-full\" src=\"http:\/\/www.smarst.com\/wp-content\/uploads\/2025\/03\/O1CN01rJ8EMK1lFPjpPPGV2_2216877904789-0-cib.jpg_.webp\" alt=\"\" width=\"800\" height=\"800\" srcset=\"https:\/\/www.smarst.com\/wp-content\/uploads\/2025\/03\/O1CN01rJ8EMK1lFPjpPPGV2_2216877904789-0-cib.jpg_.webp 800w, https:\/\/www.smarst.com\/wp-content\/uploads\/2025\/03\/O1CN01rJ8EMK1lFPjpPPGV2_2216877904789-0-cib.jpg_-350x350.webp 350w, https:\/\/www.smarst.com\/wp-content\/uploads\/2025\/03\/O1CN01rJ8EMK1lFPjpPPGV2_2216877904789-0-cib.jpg_-100x100.webp 100w, https:\/\/www.smarst.com\/wp-content\/uploads\/2025\/03\/O1CN01rJ8EMK1lFPjpPPGV2_2216877904789-0-cib.jpg_-300x300.webp 300w, https:\/\/www.smarst.com\/wp-content\/uploads\/2025\/03\/O1CN01rJ8EMK1lFPjpPPGV2_2216877904789-0-cib.jpg_-150x150.webp 150w, https:\/\/www.smarst.com\/wp-content\/uploads\/2025\/03\/O1CN01rJ8EMK1lFPjpPPGV2_2216877904789-0-cib.jpg_-768x768.webp 768w, https:\/\/www.smarst.com\/wp-content\/uploads\/2025\/03\/O1CN01rJ8EMK1lFPjpPPGV2_2216877904789-0-cib.jpg_-12x12.webp 12w\" sizes=\"(max-width: 800px) 100vw, 800px\" \/><\/p>\n<p><img decoding=\"async\" class=\"alignnone wp-image-3691 size-full\" src=\"http:\/\/www.smarst.com\/wp-content\/uploads\/2025\/03\/O1CN01Pi93hW1lFPjnEfdqS_2216877904789-0-cib.jpg\" alt=\"\" width=\"750\" height=\"750\" srcset=\"https:\/\/www.smarst.com\/wp-content\/uploads\/2025\/03\/O1CN01Pi93hW1lFPjnEfdqS_2216877904789-0-cib.jpg 750w, https:\/\/www.smarst.com\/wp-content\/uploads\/2025\/03\/O1CN01Pi93hW1lFPjnEfdqS_2216877904789-0-cib-350x350.jpg 350w, https:\/\/www.smarst.com\/wp-content\/uploads\/2025\/03\/O1CN01Pi93hW1lFPjnEfdqS_2216877904789-0-cib-100x100.jpg 100w, https:\/\/www.smarst.com\/wp-content\/uploads\/2025\/03\/O1CN01Pi93hW1lFPjnEfdqS_2216877904789-0-cib-300x300.jpg 300w, https:\/\/www.smarst.com\/wp-content\/uploads\/2025\/03\/O1CN01Pi93hW1lFPjnEfdqS_2216877904789-0-cib-150x150.jpg 150w, https:\/\/www.smarst.com\/wp-content\/uploads\/2025\/03\/O1CN01Pi93hW1lFPjnEfdqS_2216877904789-0-cib-12x12.jpg 12w\" sizes=\"(max-width: 750px) 100vw, 750px\" \/><\/p>\n","protected":false},"featured_media":3689,"template":"","meta":[],"product_brand":[],"product_cat":[85],"product_tag":[87],"class_list":{"0":"post-3686","1":"product","2":"type-product","3":"status-publish","4":"has-post-thumbnail","6":"product_cat-85","7":"product_tag-87","9":"first","10":"instock","11":"shipping-taxable","12":"purchasable","13":"product-type-simple"},"_links":{"self":[{"href":"https:\/\/www.smarst.com\/th\/wp-json\/wp\/v2\/product\/3686","targetHints":{"allow":["GET"]}}],"collection":[{"href":"https:\/\/www.smarst.com\/th\/wp-json\/wp\/v2\/product"}],"about":[{"href":"https:\/\/www.smarst.com\/th\/wp-json\/wp\/v2\/types\/product"}],"wp:featuredmedia":[{"embeddable":true,"href":"https:\/\/www.smarst.com\/th\/wp-json\/wp\/v2\/media\/3689"}],"wp:attachment":[{"href":"https:\/\/www.smarst.com\/th\/wp-json\/wp\/v2\/media?parent=3686"}],"wp:term":[{"taxonomy":"product_brand","embeddable":true,"href":"https:\/\/www.smarst.com\/th\/wp-json\/wp\/v2\/product_brand?post=3686"},{"taxonomy":"product_cat","embeddable":true,"href":"https:\/\/www.smarst.com\/th\/wp-json\/wp\/v2\/product_cat?post=3686"},{"taxonomy":"product_tag","embeddable":true,"href":"https:\/\/www.smarst.com\/th\/wp-json\/wp\/v2\/product_tag?post=3686"}],"curies":[{"name":"wp","href":"https:\/\/api.w.org\/{rel}","templated":true}]}}